{"id":846,"date":"2019-10-04T19:09:04","date_gmt":"2019-10-04T19:09:04","guid":{"rendered":"https:\/\/escapemoroccotravel.com\/marruecos-tours-desde-tanger\/"},"modified":"2020-01-02T10:20:01","modified_gmt":"2020-01-02T10:20:01","slug":"marruecos-tours-desde-tanger","status":"publish","type":"page","link":"https:\/\/escapemoroccotravel.com\/es\/marruecos-tours-desde-tanger\/","title":{"rendered":"Marruecos Tours desde T\u00e1nger"},"content":{"rendered":"\n\n[et_pb_section fb_built=\u00bb1&#8243; fullwidth=\u00bbon\u00bb _builder_version=\u00bb3.27.4&#8243; fb_built=\u00bb1&#8243; _i=\u00bb0&#8243; _address=\u00bb0&#8243;][et_pb_fullwidth_header title=\u00bbEscape Morocco Travel . Marruecos Tours\u00bb text_orientation=\u00bbcenter\u00bb _builder_version=\u00bb3.27.4&#8243; use_background_color_gradient=\u00bbon\u00bb background_color_gradient_start=\u00bbrgba(43,135,218,0.61)\u00bb background_color_gradient_end=\u00bbrgba(0,0,0,0.75)\u00bb background_color_gradient_overlays_image=\u00bbon\u00bb background_image=\u00bbhttps:\/\/escapemoroccotravel.com\/wp-content\/uploads\/2019\/09\/the-grand-desert-bg.jpg\u00bb custom_padding=\u00bb108px||108px||true|false\u00bb custom_padding_tablet=\u00bb150px||150px||true|false\u00bb custom_padding_phone=\u00bb90px||90px||true|false\u00bb custom_padding_last_edited=\u00bbon|desktop\u00bb _i=\u00bb0&#8243; _address=\u00bb0.0&#8243;][\/et_pb_fullwidth_header][\/et_pb_section][et_pb_section fb_built=\u00bb1&#8243; _builder_version=\u00bb3.27.4&#8243; custom_padding=\u00bb0px|||||\u00bb fb_built=\u00bb1&#8243; _i=\u00bb1&#8243; _address=\u00bb1&#8243;][et_pb_row _builder_version=\u00bb3.27.4&#8243; custom_margin=\u00bb||||false|false\u00bb custom_padding=\u00bb0px|||||\u00bb _i=\u00bb2&#8243; _address=\u00bb1.2&#8243;][et_pb_column type=\u00bb4_4&#8243; _builder_version=\u00bb3.27.4&#8243; _i=\u00bb0&#8243; _address=\u00bb1.2.0&#8243;][et_pb_text _builder_version=\u00bb3.27.4&#8243; text_text_color=\u00bb#FFFFFF\u00bb header_font=\u00bb|700|||||||\u00bb header_text_color=\u00bb#a60c0c\u00bb background_color=\u00bb#efa700&#8243; min_height=\u00bb90px\u00bb custom_margin=\u00bb-30px||||false|false\u00bb custom_padding=\u00bb10px|20px|10px|20px|true|true\u00bb _i=\u00bb0&#8243; _address=\u00bb1.2.0.0&#8243;]<h1>T\u00e1nger Tours:<\/h1>\r\nEscape Morocco Travel, Excursiones.[\/et_pb_text][et_pb_portfolio fullwidth=\u00bboff\u00bb posts_number=\u00bb25&#8243; include_categories=\u00bb4&#8243; show_categories=\u00bboff\u00bb show_pagination=\u00bboff\u00bb module_class=\u00bbthree-column-grid\u00bb _builder_version=\u00bb3.27.4&#8243; _i=\u00bb1&#8243; _address=\u00bb1.2.0.1&#8243;][\/et_pb_portfolio][\/et_pb_column][\/et_pb_row][et_pb_row _builder_version=\u00bb3.27.4&#8243; custom_margin=\u00bb||||false|false\u00bb custom_padding=\u00bb0px|||||\u00bb _i=\u00bb4&#8243; _address=\u00bb1.4&#8243;][et_pb_column type=\u00bb4_4&#8243; _builder_version=\u00bb3.27.4&#8243; _i=\u00bb0&#8243; _address=\u00bb1.4.0&#8243;][et_pb_text _builder_version=\u00bb3.27.4&#8243; text_text_color=\u00bb#FFFFFF\u00bb header_font=\u00bb|700|||||||\u00bb header_text_color=\u00bb#a60c0c\u00bb background_color=\u00bb#efa700&#8243; custom_margin=\u00bb||||false|false\u00bb custom_padding=\u00bb10px|20px|10px|20px|true|true\u00bb _i=\u00bb0&#8243; _address=\u00bb1.4.0.0&#8243;]<h1>Datos de contacto:<\/h1>\r\nContacto Escape Morocco Travel.[\/et_pb_text][et_pb_blurb title=\u00bb\u00bfM\u00e1s informaci\u00f3n?\u00bb use_icon=\u00bbon\u00bb font_icon=\u00bb%%86%%\u00bb icon_color=\u00bb#392606&#8243; icon_placement=\u00bbleft\u00bb content_max_width=\u00bb1100px\u00bb _builder_version=\u00bb3.27.4&#8243; header_level=\u00bbh2&#8243; header_text_color=\u00bb#392606&#8243; _i=\u00bb1&#8243; _address=\u00bb1.4.0.1&#8243;]Para obtener m\u00e1s informaci\u00f3n, no dude en contactarnos en cualquier momento, estaremos encantados de ayudarlo.[\/et_pb_blurb][et_pb_contact_form captcha=\u00bboff\u00bb email=\u00bbEscapeMoroccoTravel@gmail.com\u00bb success_message=\u00bbGracias por contactar Escape Morocco Travel. Regresaremos a Ud. muy pronto.\u00bb _builder_version=\u00bb3.27.4&#8243; form_field_background_color=\u00bb#FFFFFF\u00bb form_field_text_color=\u00bb#000000&#8243; border_width_all=\u00bb2px\u00bb border_color_all=\u00bb#a60c0c\u00bb custom_button=\u00bbon\u00bb button_text_color=\u00bb#a60c0c\u00bb button_bg_color=\u00bb#efa700&#8243; button_border_width=\u00bb0px\u00bb button_font=\u00bb|700|||||||\u00bb button_bg_enable_color=\u00bbon\u00bb _i=\u00bb2&#8243; _address=\u00bb1.4.0.2&#8243;][et_pb_contact_field field_id=\u00bbName\u00bb field_title=\u00bbNombre\u00bb _builder_version=\u00bb3.16&#8243; border_radii=\u00bbon||||\u00bb _i=\u00bb0&#8243; _address=\u00bb1.4.0.2.0&#8243; button_text_size__hover_enabled=\u00bboff\u00bb button_one_text_size__hover_enabled=\u00bboff\u00bb button_two_text_size__hover_enabled=\u00bboff\u00bb button_text_color__hover_enabled=\u00bboff\u00bb button_one_text_color__hover_enabled=\u00bboff\u00bb button_two_text_color__hover_enabled=\u00bboff\u00bb button_border_width__hover_enabled=\u00bboff\u00bb button_one_border_width__hover_enabled=\u00bboff\u00bb button_two_border_width__hover_enabled=\u00bboff\u00bb button_border_color__hover_enabled=\u00bboff\u00bb button_one_border_color__hover_enabled=\u00bboff\u00bb button_two_border_color__hover_enabled=\u00bboff\u00bb button_border_radius__hover_enabled=\u00bboff\u00bb button_one_border_radius__hover_enabled=\u00bboff\u00bb button_two_border_radius__hover_enabled=\u00bboff\u00bb button_letter_spacing__hover_enabled=\u00bboff\u00bb button_one_letter_spacing__hover_enabled=\u00bboff\u00bb button_two_letter_spacing__hover_enabled=\u00bboff\u00bb button_bg_color__hover_enabled=\u00bboff\u00bb button_one_bg_color__hover_enabled=\u00bboff\u00bb button_two_bg_color__hover_enabled=\u00bboff\u00bb][\/et_pb_contact_field][et_pb_contact_field field_id=\u00bbEmail\u00bb field_title=\u00bbDirecci\u00f3n de correo electr\u00f3nico\u00bb field_type=\u00bbemail\u00bb _builder_version=\u00bb3.16&#8243; border_radii=\u00bbon||||\u00bb _i=\u00bb1&#8243; _address=\u00bb1.4.0.2.1&#8243; button_text_size__hover_enabled=\u00bboff\u00bb button_one_text_size__hover_enabled=\u00bboff\u00bb button_two_text_size__hover_enabled=\u00bboff\u00bb button_text_color__hover_enabled=\u00bboff\u00bb button_one_text_color__hover_enabled=\u00bboff\u00bb button_two_text_color__hover_enabled=\u00bboff\u00bb button_border_width__hover_enabled=\u00bboff\u00bb button_one_border_width__hover_enabled=\u00bboff\u00bb button_two_border_width__hover_enabled=\u00bboff\u00bb button_border_color__hover_enabled=\u00bboff\u00bb button_one_border_color__hover_enabled=\u00bboff\u00bb button_two_border_color__hover_enabled=\u00bboff\u00bb button_border_radius__hover_enabled=\u00bboff\u00bb button_one_border_radius__hover_enabled=\u00bboff\u00bb button_two_border_radius__hover_enabled=\u00bboff\u00bb button_letter_spacing__hover_enabled=\u00bboff\u00bb button_one_letter_spacing__hover_enabled=\u00bboff\u00bb button_two_letter_spacing__hover_enabled=\u00bboff\u00bb button_bg_color__hover_enabled=\u00bboff\u00bb button_one_bg_color__hover_enabled=\u00bboff\u00bb button_two_bg_color__hover_enabled=\u00bboff\u00bb][\/et_pb_contact_field][et_pb_contact_field field_id=\u00bbMessage\u00bb field_title=\u00bbMensaje\u00bb field_type=\u00bbtext\u00bb fullwidth_field=\u00bbon\u00bb _builder_version=\u00bb3.16&#8243; border_radii=\u00bbon||||\u00bb _i=\u00bb2&#8243; _address=\u00bb1.4.0.2.2&#8243; button_text_size__hover_enabled=\u00bboff\u00bb button_one_text_size__hover_enabled=\u00bboff\u00bb button_two_text_size__hover_enabled=\u00bboff\u00bb button_text_color__hover_enabled=\u00bboff\u00bb button_one_text_color__hover_enabled=\u00bboff\u00bb button_two_text_color__hover_enabled=\u00bboff\u00bb button_border_width__hover_enabled=\u00bboff\u00bb button_one_border_width__hover_enabled=\u00bboff\u00bb button_two_border_width__hover_enabled=\u00bboff\u00bb button_border_color__hover_enabled=\u00bboff\u00bb button_one_border_color__hover_enabled=\u00bboff\u00bb button_two_border_color__hover_enabled=\u00bboff\u00bb button_border_radius__hover_enabled=\u00bboff\u00bb button_one_border_radius__hover_enabled=\u00bboff\u00bb button_two_border_radius__hover_enabled=\u00bboff\u00bb button_letter_spacing__hover_enabled=\u00bboff\u00bb button_one_letter_spacing__hover_enabled=\u00bboff\u00bb button_two_letter_spacing__hover_enabled=\u00bboff\u00bb button_bg_color__hover_enabled=\u00bboff\u00bb button_one_bg_color__hover_enabled=\u00bboff\u00bb button_two_bg_color__hover_enabled=\u00bboff\u00bb][\/et_pb_contact_field][\/et_pb_contact_form][\/et_pb_column][\/et_pb_row][et_pb_row column_structure=\u00bb1_3,1_3,1_3&#8243; _builder_version=\u00bb3.27.4&#8243; _i=\u00bb5&#8243; _address=\u00bb1.5&#8243;][et_pb_column type=\u00bb1_3&#8243; _builder_version=\u00bb3.27.4&#8243; _i=\u00bb0&#8243; _address=\u00bb1.5.0&#8243;][et_pb_blurb title=\u00bb+212 670 155 330&#8243; url=\u00bbtel:+212670155330&#8243; use_icon=\u00bbon\u00bb font_icon=\u00bb%%264%%\u00bb icon_color=\u00bb#a60c0c\u00bb use_circle=\u00bbon\u00bb circle_color=\u00bb#efa700&#8243; _builder_version=\u00bb3.27.4&#8243; header_level=\u00bbh3&#8243; header_text_align=\u00bbcenter\u00bb header_text_color=\u00bb#000000&#8243; _i=\u00bb0&#8243; _address=\u00bb1.5.0.0&#8243;][\/et_pb_blurb][\/et_pb_column][et_pb_column type=\u00bb1_3&#8243; _builder_version=\u00bb3.27.4&#8243; _i=\u00bb1&#8243; _address=\u00bb1.5.1&#8243;][et_pb_blurb title=\u00bbEscapeMoroccoTravel@gmail.com\u00bb use_icon=\u00bbon\u00bb font_icon=\u00bb%%109%%\u00bb icon_color=\u00bb#a60c0c\u00bb use_circle=\u00bbon\u00bb circle_color=\u00bb#efa700&#8243; _builder_version=\u00bb3.27.4&#8243; header_level=\u00bbh3&#8243; header_text_align=\u00bbcenter\u00bb header_text_color=\u00bb#000000&#8243; _i=\u00bb0&#8243; _address=\u00bb1.5.1.0&#8243;][\/et_pb_blurb][\/et_pb_column][et_pb_column type=\u00bb1_3&#8243; _builder_version=\u00bb3.27.4&#8243; _i=\u00bb2&#8243; _address=\u00bb1.5.2&#8243;][et_pb_blurb title=\u00bb+212 670 155 330&#8243; url=\u00bbtel:+34679111628&#8243; use_icon=\u00bbon\u00bb font_icon=\u00bb%%264%%\u00bb icon_color=\u00bb#a60c0c\u00bb use_circle=\u00bbon\u00bb circle_color=\u00bb#efa700&#8243; _builder_version=\u00bb3.27.4&#8243; header_level=\u00bbh3&#8243; header_text_align=\u00bbcenter\u00bb header_text_color=\u00bb#000000&#8243; _i=\u00bb0&#8243; _address=\u00bb1.5.2.0&#8243;][\/et_pb_blurb][\/et_pb_column][\/et_pb_row][\/et_pb_section]\n\n","protected":false},"excerpt":{"rendered":"<p>T\u00e1nger Tours: Escape Morocco Travel, Excursiones.Datos de contacto: Contacto Escape Morocco Travel.Para obtener m\u00e1s informaci\u00f3n, no dude en contactarnos en cualquier momento, estaremos encantados de ayudarlo.<\/p>\n","protected":false},"author":1,"featured_media":0,"parent":0,"menu_order":0,"comment_status":"closed","ping_status":"closed","template":"","meta":{"_et_pb_use_builder":"on","_et_pb_old_content":"<!-- wp:divi\/placeholder \/-->","_et_gb_content_width":"","_joinchat":[],"footnotes":""},"class_list":["post-846","page","type-page","status-publish","hentry"],"yoast_head":"<!-- This site is optimized with the Yoast SEO plugin v25.8 - https:\/\/yoast.com\/wordpress\/plugins\/seo\/ -->\n<title>Marruecos Tours desde T\u00e1nger - Escape Morocco Travel<\/title>\n<meta name=\"description\" content=\"Escape Morocco Travel ofrece una variedad de recorridos y excursiones a Marruecos desde T\u00e1nger, los lugares m\u00e1s queridos que le brinda una aut\u00e9ntica experiencia marroqu\u00ed.\" \/>\n<meta name=\"robots\" content=\"index, follow, max-snippet:-1, max-image-preview:large, max-video-preview:-1\" \/>\n<link rel=\"canonical\" href=\"https:\/\/escapemoroccotravel.com\/es\/marruecos-tours-desde-tanger\/\" \/>\n<meta property=\"og:locale\" content=\"es_ES\" \/>\n<meta property=\"og:type\" content=\"article\" \/>\n<meta property=\"og:title\" content=\"Marruecos Tours desde T\u00e1nger - Escape Morocco Travel\" \/>\n<meta property=\"og:description\" content=\"Escape Morocco Travel ofrece una variedad de recorridos y excursiones a Marruecos desde T\u00e1nger, los lugares m\u00e1s queridos que le brinda una aut\u00e9ntica experiencia marroqu\u00ed.\" \/>\n<meta property=\"og:url\" content=\"https:\/\/escapemoroccotravel.com\/es\/marruecos-tours-desde-tanger\/\" \/>\n<meta property=\"og:site_name\" content=\"Escape Morocco Travel\" \/>\n<meta property=\"article:publisher\" content=\"https:\/\/www.facebook.com\/escapemoroccotravel?mibextid=ZbWKwL\" \/>\n<meta property=\"article:modified_time\" content=\"2020-01-02T10:20:01+00:00\" \/>\n<meta name=\"twitter:card\" content=\"summary_large_image\" \/>\n<meta name=\"twitter:label1\" content=\"Tiempo de lectura\" \/>\n\t<meta name=\"twitter:data1\" content=\"5 minutos\" \/>\n<script type=\"application\/ld+json\" class=\"yoast-schema-graph\">{\"@context\":\"https:\/\/schema.org\",\"@graph\":[{\"@type\":\"WebPage\",\"@id\":\"https:\/\/escapemoroccotravel.com\/es\/marruecos-tours-desde-tanger\/\",\"url\":\"https:\/\/escapemoroccotravel.com\/es\/marruecos-tours-desde-tanger\/\",\"name\":\"Marruecos Tours desde T\u00e1nger - Escape Morocco Travel\",\"isPartOf\":{\"@id\":\"https:\/\/escapemoroccotravel.com\/#website\"},\"datePublished\":\"2019-10-04T19:09:04+00:00\",\"dateModified\":\"2020-01-02T10:20:01+00:00\",\"description\":\"Escape Morocco Travel ofrece una variedad de recorridos y excursiones a Marruecos desde T\u00e1nger, los lugares m\u00e1s queridos que le brinda una aut\u00e9ntica experiencia marroqu\u00ed.\",\"breadcrumb\":{\"@id\":\"https:\/\/escapemoroccotravel.com\/es\/marruecos-tours-desde-tanger\/#breadcrumb\"},\"inLanguage\":\"es\",\"potentialAction\":[{\"@type\":\"ReadAction\",\"target\":[\"https:\/\/escapemoroccotravel.com\/es\/marruecos-tours-desde-tanger\/\"]}]},{\"@type\":\"BreadcrumbList\",\"@id\":\"https:\/\/escapemoroccotravel.com\/es\/marruecos-tours-desde-tanger\/#breadcrumb\",\"itemListElement\":[{\"@type\":\"ListItem\",\"position\":1,\"name\":\"Home\",\"item\":\"https:\/\/escapemoroccotravel.com\/es\/inicio\/\"},{\"@type\":\"ListItem\",\"position\":2,\"name\":\"Marruecos Tours desde T\u00e1nger\"}]},{\"@type\":\"WebSite\",\"@id\":\"https:\/\/escapemoroccotravel.com\/#website\",\"url\":\"https:\/\/escapemoroccotravel.com\/\",\"name\":\"Escape Morocco Travel\",\"description\":\"Escape Morocco Travel, company\",\"publisher\":{\"@id\":\"https:\/\/escapemoroccotravel.com\/#organization\"},\"potentialAction\":[{\"@type\":\"SearchAction\",\"target\":{\"@type\":\"EntryPoint\",\"urlTemplate\":\"https:\/\/escapemoroccotravel.com\/?s={search_term_string}\"},\"query-input\":{\"@type\":\"PropertyValueSpecification\",\"valueRequired\":true,\"valueName\":\"search_term_string\"}}],\"inLanguage\":\"es\"},{\"@type\":\"Organization\",\"@id\":\"https:\/\/escapemoroccotravel.com\/#organization\",\"name\":\"Escape morocco travel\",\"url\":\"https:\/\/escapemoroccotravel.com\/\",\"logo\":{\"@type\":\"ImageObject\",\"inLanguage\":\"es\",\"@id\":\"https:\/\/escapemoroccotravel.com\/#\/schema\/logo\/image\/\",\"url\":\"https:\/\/escapemoroccotravel.com\/wp-content\/uploads\/2025\/05\/1000307510-removebg-preview.png\",\"contentUrl\":\"https:\/\/escapemoroccotravel.com\/wp-content\/uploads\/2025\/05\/1000307510-removebg-preview.png\",\"width\":500,\"height\":500,\"caption\":\"Escape morocco travel\"},\"image\":{\"@id\":\"https:\/\/escapemoroccotravel.com\/#\/schema\/logo\/image\/\"},\"sameAs\":[\"https:\/\/www.facebook.com\/escapemoroccotravel?mibextid=ZbWKwL\"]}]}<\/script>\n<!-- \/ Yoast SEO plugin. -->","yoast_head_json":{"title":"Marruecos Tours desde T\u00e1nger - Escape Morocco Travel","description":"Escape Morocco Travel ofrece una variedad de recorridos y excursiones a Marruecos desde T\u00e1nger, los lugares m\u00e1s queridos que le brinda una aut\u00e9ntica experiencia marroqu\u00ed.","robots":{"index":"index","follow":"follow","max-snippet":"max-snippet:-1","max-image-preview":"max-image-preview:large","max-video-preview":"max-video-preview:-1"},"canonical":"https:\/\/escapemoroccotravel.com\/es\/marruecos-tours-desde-tanger\/","og_locale":"es_ES","og_type":"article","og_title":"Marruecos Tours desde T\u00e1nger - Escape Morocco Travel","og_description":"Escape Morocco Travel ofrece una variedad de recorridos y excursiones a Marruecos desde T\u00e1nger, los lugares m\u00e1s queridos que le brinda una aut\u00e9ntica experiencia marroqu\u00ed.","og_url":"https:\/\/escapemoroccotravel.com\/es\/marruecos-tours-desde-tanger\/","og_site_name":"Escape Morocco Travel","article_publisher":"https:\/\/www.facebook.com\/escapemoroccotravel?mibextid=ZbWKwL","article_modified_time":"2020-01-02T10:20:01+00:00","twitter_card":"summary_large_image","twitter_misc":{"Tiempo de lectura":"5 minutos"},"schema":{"@context":"https:\/\/schema.org","@graph":[{"@type":"WebPage","@id":"https:\/\/escapemoroccotravel.com\/es\/marruecos-tours-desde-tanger\/","url":"https:\/\/escapemoroccotravel.com\/es\/marruecos-tours-desde-tanger\/","name":"Marruecos Tours desde T\u00e1nger - Escape Morocco Travel","isPartOf":{"@id":"https:\/\/escapemoroccotravel.com\/#website"},"datePublished":"2019-10-04T19:09:04+00:00","dateModified":"2020-01-02T10:20:01+00:00","description":"Escape Morocco Travel ofrece una variedad de recorridos y excursiones a Marruecos desde T\u00e1nger, los lugares m\u00e1s queridos que le brinda una aut\u00e9ntica experiencia marroqu\u00ed.","breadcrumb":{"@id":"https:\/\/escapemoroccotravel.com\/es\/marruecos-tours-desde-tanger\/#breadcrumb"},"inLanguage":"es","potentialAction":[{"@type":"ReadAction","target":["https:\/\/escapemoroccotravel.com\/es\/marruecos-tours-desde-tanger\/"]}]},{"@type":"BreadcrumbList","@id":"https:\/\/escapemoroccotravel.com\/es\/marruecos-tours-desde-tanger\/#breadcrumb","itemListElement":[{"@type":"ListItem","position":1,"name":"Home","item":"https:\/\/escapemoroccotravel.com\/es\/inicio\/"},{"@type":"ListItem","position":2,"name":"Marruecos Tours desde T\u00e1nger"}]},{"@type":"WebSite","@id":"https:\/\/escapemoroccotravel.com\/#website","url":"https:\/\/escapemoroccotravel.com\/","name":"Escape Morocco Travel","description":"Escape Morocco Travel, company","publisher":{"@id":"https:\/\/escapemoroccotravel.com\/#organization"},"potentialAction":[{"@type":"SearchAction","target":{"@type":"EntryPoint","urlTemplate":"https:\/\/escapemoroccotravel.com\/?s={search_term_string}"},"query-input":{"@type":"PropertyValueSpecification","valueRequired":true,"valueName":"search_term_string"}}],"inLanguage":"es"},{"@type":"Organization","@id":"https:\/\/escapemoroccotravel.com\/#organization","name":"Escape morocco travel","url":"https:\/\/escapemoroccotravel.com\/","logo":{"@type":"ImageObject","inLanguage":"es","@id":"https:\/\/escapemoroccotravel.com\/#\/schema\/logo\/image\/","url":"https:\/\/escapemoroccotravel.com\/wp-content\/uploads\/2025\/05\/1000307510-removebg-preview.png","contentUrl":"https:\/\/escapemoroccotravel.com\/wp-content\/uploads\/2025\/05\/1000307510-removebg-preview.png","width":500,"height":500,"caption":"Escape morocco travel"},"image":{"@id":"https:\/\/escapemoroccotravel.com\/#\/schema\/logo\/image\/"},"sameAs":["https:\/\/www.facebook.com\/escapemoroccotravel?mibextid=ZbWKwL"]}]}},"_links":{"self":[{"href":"https:\/\/escapemoroccotravel.com\/es\/wp-json\/wp\/v2\/pages\/846","targetHints":{"allow":["GET"]}}],"collection":[{"href":"https:\/\/escapemoroccotravel.com\/es\/wp-json\/wp\/v2\/pages"}],"about":[{"href":"https:\/\/escapemoroccotravel.com\/es\/wp-json\/wp\/v2\/types\/page"}],"author":[{"embeddable":true,"href":"https:\/\/escapemoroccotravel.com\/es\/wp-json\/wp\/v2\/users\/1"}],"replies":[{"embeddable":true,"href":"https:\/\/escapemoroccotravel.com\/es\/wp-json\/wp\/v2\/comments?post=846"}],"version-history":[{"count":0,"href":"https:\/\/escapemoroccotravel.com\/es\/wp-json\/wp\/v2\/pages\/846\/revisions"}],"wp:attachment":[{"href":"https:\/\/escapemoroccotravel.com\/es\/wp-json\/wp\/v2\/media?parent=846"}],"curies":[{"name":"wp","href":"https:\/\/api.w.org\/{rel}","templated":true}]}}